{"id":3,"date":"2025-04-24T12:51:06","date_gmt":"2025-04-24T12:51:06","guid":{"rendered":"https:\/\/cretasafaripathfinders.gr\/?page_id=3"},"modified":"2026-01-23T08:42:06","modified_gmt":"2026-01-23T08:42:06","slug":"privacy-policy","status":"publish","type":"page","link":"https:\/\/cretasafaripathfinders.gr\/pl\/privacy-policy\/","title":{"rendered":"Polityka prywatno\u015bci"},"content":{"rendered":"<style>.elementor-3 .elementor-element.elementor-element-7c6831dc{--display:flex;}<\/style>\t\t<div data-elementor-type=\"wp-page\" data-elementor-id=\"3\" class=\"elementor elementor-3\" data-elementor-post-type=\"page\">\n\t\t\t\t<div class=\"elementor-element elementor-element-7c6831dc e-flex e-con-boxed e-con e-parent\" data-id=\"7c6831dc\" data-element_type=\"container\" data-e-type=\"container\">\n\t\t\t\t\t<div class=\"e-con-inner\">\n\t\t\t\t<div class=\"elementor-element elementor-element-1288a529 elementor-widget elementor-widget-text-editor\" data-id=\"1288a529\" data-element_type=\"widget\" data-e-type=\"widget\" data-widget_type=\"text-editor.default\">\n\t\t\t\t<div class=\"elementor-widget-container\">\n\t\t\t\t\t\t\t\t\t<p><\/p>\n<h2 class=\"wp-block-heading\">Kim jeste\u015bmy<\/h2>\n<p><\/p>\n<p><span style=\"font-size: 1rem;\">Adres naszej strony internetowej to: <\/span><b style=\"font-size: 1rem;\" data-path-to-node=\"5\" data-index-in-node=\"24\"><a class=\"ng-star-inserted\" href=\"https:\/\/cretasafaripathfinders.gr\/pl\/\" target=\"_blank\" rel=\"noopener\">https:\/\/cretasafaripathfinders.gr<\/a><\/b><span style=\"font-size: 1rem;\">Jeste\u015bmy <\/span><b style=\"font-size: 1rem;\" data-path-to-node=\"5\" data-index-in-node=\"66\">Creta Safari Pathfinders<\/b><span style=\"font-size: 1rem;\">profesjonalnym biurem podr\u00f3\u017cy z siedzib\u0105 w Rethymno na\nKrecie, specjalizuj\u0105cym si\u0119 w ekskluzywnych wyprawach off-road 4\u00d74<\/span><\/p>\n<p><span style=\"color: #000814; font-family: 'Fjalla One', sans-serif; font-size: 44.8px; font-weight: 600;\">Komentarze<\/span><\/p>\n<p><\/p>\n<p data-path-to-node=\"8\">Gdy odwiedzaj\u0105cy zostawiaj\u0105 komentarze na stronie, zbieramy dane podane w formularzu\nkomentarza, a tak\u017ce adres IP odwiedzaj\u0105cego oraz identyfikator przegl\u0105darki, co pomaga w\nwykrywaniu spamu.<\/p>\n<p data-path-to-node=\"9\">Z anonimowego ci\u0105gu znak\u00f3w utworzonego z Twojego adresu e-mail (tzw. hash) mo\u017ce by\u0107 korzystane\nw serwisie Gravatar, aby sprawdzi\u0107, czy go u\u017cywasz. Po zatwierdzeniu komentarza, Tw\u00f3j obraz\nprofilowy b\u0119dzie widoczny publicznie przy komentarzu.<\/p>\n<p><\/p>\n<h2 class=\"wp-block-heading\">Media<\/h2>\n<p><\/p>\n<p data-path-to-node=\"12\">Je\u015bli przesy\u0142asz zdj\u0119cia na stron\u0119, nale\u017cy unika\u0107 wgrywania obraz\u00f3w z osadzonymi danymi\nlokalizacyjnymi (EXIF GPS). Odwiedzaj\u0105cy stron\u0119 mog\u0105 pobiera\u0107 i odczytywa\u0107 wszelkie dane\nlokalizacyjne z zamieszczonych zdj\u0119\u0107<\/p>\n<p><\/p>\n<h2 class=\"wp-block-heading\">Cookies<\/h2>\n<p><\/p>\n<p data-path-to-node=\"15\">If you leave a comment on our site, you may opt-in to saving your name, email address, and website in cookies. These are for your convenience so that you do not have to fill in your details again when you leave another comment. These cookies will last for one year.<\/p>\n<p data-path-to-node=\"16\">Je\u015bli odwiedzisz stron\u0119 logowania<span class=\"citation-375 citation-end-375\">ustawiamy tymczasowy plik cookie, aby sprawdzi\u0107, czy Twoja\nprzegl\u0105darka akceptuje pliki cookie. Ten cookie nie zawiera danych osobowych i jest usuwany po\nzamkni\u0119ciu przegl\u0105darki.<\/span><\/p>\n<div class=\"source-inline-chip-container ng-star-inserted\">\u00a0<\/div>\n<p data-path-to-node=\"17\"><span class=\"citation-374\">Podczas<\/span><span class=\"citation-373 citation-374 citation-end-374\">logowania ustawiamy r\u00f3wnie\u017c kilka plik\u00f3w cookie, kt\u00f3re zapisuj\u0105 informacje o logowaniu\noraz preferencjach wy\u015bwietlania ekranu.<\/span><span class=\"citation-373\">Pliki cookie logowania s\u0105 wa\u017cne 2 dni, a pliki cookie\ndotycz\u0105ce ustawie\u0144 ekranu 1 rok.<\/span><span class=\"citation-371 citation-372 citation-373 citation-end-373\"> pe<\/span><span class=\"citation-371 citation-372 citation-end-372\">Je\u015bli wybierzesz opcj\u0119 \u201ePami\u0119taj mnie\u201d, logowanie b\u0119dzie aktywne\nprzez 2 tygodnie.<\/span><\/p>\n<p><\/p>\n<h2 class=\"wp-block-heading\">Osadzone tre\u015bci z innych stron<\/h2>\n<p><\/p>\n<p data-path-to-node=\"20\"><span class=\"citation-367 citation-368 citation-end-368\">Artyku\u0142y na tej stronie mog\u0105 zawiera\u0107 tre\u015bci osadzone (np. filmy, zdj\u0119cia, artyku\u0142y, mapy itp.) <\/span><span class=\"citation-367 citation-end-367\">Osadzone tre\u015bci z innych stron zachowuj\u0105 si\u0119 tak, <\/span>jakby odwiedzaj\u0105cy odwiedzi\u0142 t\u0119 inn\u0105 stron\u0119\nbezpo\u015brednio.<\/p>\n<div class=\"source-inline-chip-container ng-star-inserted\">\u00a0<\/div>\n<p data-path-to-node=\"21\">These websites may collect data about you, use cookies, embed additional third-party tracking, and monitor your interaction with that embedded content, including tracking your interaction with the embedded content if you have an account and are logged in to that website. This specifically includes our booking platform (<b data-path-to-node=\"21\" data-index-in-node=\"321\">Travelotopos<\/b>) and <b data-path-to-node=\"21\" data-index-in-node=\"339\">Google Maps<\/b>.<\/p>\n<p><\/p>\n<h2 class=\"wp-block-heading\">Z kim dzielimy si\u0119 Twoimi danymi<\/h2>\n<p><\/p>\n<p data-path-to-node=\"24\">Je\u015bli poprosisz o reset has\u0142a, Tw\u00f3j adres IP zostanie do\u0142\u0105czony do wiadomo\u015bci e-mail z instrukcj\u0105\nresetu.Dane potrzebne do dokonania rezerwacji s\u0105 udost\u0119pniane naszemu bezpiecznemu procesorowi\nrezerwacji, aby potwierdzi\u0107 Twoj\u0105 rezerwacj\u0119.<\/p>\n<p><\/p>\n<h2 class=\"wp-block-heading\">Jak d\u0142ugo przechowujemy Twoje dane<\/h2>\n<p><\/p>\n<p data-path-to-node=\"27\">Je\u015bli zostawisz komentarz, komentarz oraz jego metadane s\u0105 przechowywane bezterminowo,\naby\u015bmy mogli automatycznie rozpozna\u0107 i zatwierdzi\u0107 ewentualne odpowiedzi.<\/p>\n<p data-path-to-node=\"28\">U\u017cytkownicy zarejestrowani na naszej stronie maj\u0105 swoje dane osobowe przechowywane w profilu\nu\u017cytkownika. Ka\u017cdy u\u017cytkownik mo\u017ce w ka\u017cdej chwili przegl\u0105da\u0107, edytowa\u0107 lub usuwa\u0107 swoje\ndane.<\/p>\n<p><\/p>\n<h2 class=\"wp-block-heading\">Twoje prawa dotycz\u0105ce danych<\/h2>\n<p><\/p>\n<p>Je\u015bli masz konto na stronie lub zostawi\u0142e\u015b\/a\u015b komentarze, mo\u017cesz poprosi\u0107 o eksport pliku z\ndanymi osobowymi, kt\u00f3re o Tobie posiadamy. Mo\u017cesz tak\u017ce za\u017c\u0105da\u0107 usuni\u0119cia swoich danych\nosobowych. Nie dotyczy to danych, kt\u00f3re musimy przechowywa\u0107 ze wzgl\u0119d\u00f3w administracyjnych,\nprawnych lub bezpiecze\u0144stwa.<\/p>\n<p><\/p>\n<h2 class=\"wp-block-heading\">Gdzie s\u0105 wysy\u0142ane Twoje dane<\/h2>\n<p><\/p>\n<p data-path-to-node=\"34\">Komentarze odwiedzaj\u0105cych mog\u0105 by\u0107 sprawdzane za pomoc\u0105 automatycznego systemu\nwykrywania spamu.<\/p>\n<p><\/p>\t\t\t\t\t\t\t\t<\/div>\n\t\t\t\t<\/div>\n\t\t\t\t\t<\/div>\n\t\t\t\t<\/div>\n\t\t\t\t<\/div>","protected":false},"excerpt":{"rendered":"<p>Who we are Our website address is: https:\/\/cretasafaripathfinders.gr. We are Creta Safari Pathfinders, a professional tour operator based in Rethymno, Crete, specializing in premium 4&#215;4 off-road expeditions. Comments When visitors leave comments on the site, we collect the data shown in the comments form, along with the visitor\u2019s IP address and browser user agent string [&hellip;]<\/p>\n","protected":false},"author":1,"featured_media":0,"parent":0,"menu_order":0,"comment_status":"closed","ping_status":"open","template":"","meta":{"googlesitekit_rrm_CAowiPbKDA:productID":"","footnotes":""},"class_list":["post-3","page","type-page","status-publish","hentry"],"yoast_head":"<!-- This site is optimized with the Yoast SEO plugin v27.0 - https:\/\/yoast.com\/product\/yoast-seo-wordpress\/ -->\n<title>Privacy Policy | Creta Safari Pathfinders<\/title>\n<meta name=\"description\" content=\"Privacy Policy of Creta Safari Pathfinders. Learn how we handle your data, cookies, and ensure GDPR compliance.\" \/>\n<meta name=\"robots\" content=\"index, follow, max-snippet:-1, max-image-preview:large, max-video-preview:-1\" \/>\n<link rel=\"canonical\" href=\"https:\/\/cretasafaripathfinders.gr\/pl\/privacy-policy\/\" \/>\n<meta property=\"og:locale\" content=\"pl_PL\" \/>\n<meta property=\"og:type\" content=\"article\" \/>\n<meta property=\"og:title\" content=\"Privacy Policy | Creta Safari Pathfinders\" \/>\n<meta property=\"og:description\" content=\"Privacy Policy of Creta Safari Pathfinders. Learn how we handle your data, cookies, and ensure GDPR compliance.\" \/>\n<meta property=\"og:url\" content=\"https:\/\/cretasafaripathfinders.gr\/pl\/privacy-policy\/\" \/>\n<meta property=\"og:site_name\" content=\"Creta Safari Pathfinders\" \/>\n<meta property=\"article:publisher\" content=\"https:\/\/www.facebook.com\/p\/Creta-Safari-Pathfinders-61577106970110\/\" \/>\n<meta property=\"article:modified_time\" content=\"2026-01-23T08:42:06+00:00\" \/>\n<meta property=\"og:image\" content=\"https:\/\/cretasafaripathfinders.gr\/wp-content\/uploads\/2025\/04\/cropped-Logo-path.png\" \/>\n\t<meta property=\"og:image:width\" content=\"512\" \/>\n\t<meta property=\"og:image:height\" content=\"512\" \/>\n\t<meta property=\"og:image:type\" content=\"image\/png\" \/>\n<meta name=\"twitter:card\" content=\"summary_large_image\" \/>\n<meta name=\"twitter:label1\" content=\"Szacowany czas czytania\" \/>\n\t<meta name=\"twitter:data1\" content=\"3 minuty\" \/>\n<script type=\"application\/ld+json\" class=\"yoast-schema-graph\">{\"@context\":\"https:\/\/schema.org\",\"@graph\":[{\"@type\":\"WebPage\",\"@id\":\"https:\/\/cretasafaripathfinders.gr\/privacy-policy\/\",\"url\":\"https:\/\/cretasafaripathfinders.gr\/privacy-policy\/\",\"name\":\"Privacy Policy | Creta Safari Pathfinders\",\"isPartOf\":{\"@id\":\"https:\/\/cretasafaripathfinders.gr\/#website\"},\"datePublished\":\"2025-04-24T12:51:06+00:00\",\"dateModified\":\"2026-01-23T08:42:06+00:00\",\"description\":\"Privacy Policy of Creta Safari Pathfinders. Learn how we handle your data, cookies, and ensure GDPR compliance.\",\"breadcrumb\":{\"@id\":\"https:\/\/cretasafaripathfinders.gr\/privacy-policy\/#breadcrumb\"},\"inLanguage\":\"pl-PL\",\"potentialAction\":[{\"@type\":\"ReadAction\",\"target\":[\"https:\/\/cretasafaripathfinders.gr\/privacy-policy\/\"]}]},{\"@type\":\"BreadcrumbList\",\"@id\":\"https:\/\/cretasafaripathfinders.gr\/privacy-policy\/#breadcrumb\",\"itemListElement\":[{\"@type\":\"ListItem\",\"position\":1,\"name\":\"Home\",\"item\":\"https:\/\/cretasafaripathfinders.gr\/\"},{\"@type\":\"ListItem\",\"position\":2,\"name\":\"Privacy Policy\"}]},{\"@type\":\"WebSite\",\"@id\":\"https:\/\/cretasafaripathfinders.gr\/#website\",\"url\":\"https:\/\/cretasafaripathfinders.gr\/\",\"name\":\"Creta Safari Pathfinders\",\"description\":\"Jeep Safari Crete - Off Road Adventure Pathfinders.\",\"publisher\":{\"@id\":\"https:\/\/cretasafaripathfinders.gr\/#organization\"},\"potentialAction\":[{\"@type\":\"SearchAction\",\"target\":{\"@type\":\"EntryPoint\",\"urlTemplate\":\"https:\/\/cretasafaripathfinders.gr\/?s={search_term_string}\"},\"query-input\":{\"@type\":\"PropertyValueSpecification\",\"valueRequired\":true,\"valueName\":\"search_term_string\"}}],\"inLanguage\":\"pl-PL\"},{\"@type\":\"Organization\",\"@id\":\"https:\/\/cretasafaripathfinders.gr\/#organization\",\"name\":\"Creta Safari Pathfinders\",\"alternateName\":\"Creta Safari Pathfinders\",\"url\":\"https:\/\/cretasafaripathfinders.gr\/\",\"logo\":{\"@type\":\"ImageObject\",\"inLanguage\":\"pl-PL\",\"@id\":\"https:\/\/cretasafaripathfinders.gr\/#\/schema\/logo\/image\/\",\"url\":\"https:\/\/cretasafaripathfinders.gr\/wp-content\/uploads\/2025\/04\/cropped-Logo-path.png\",\"contentUrl\":\"https:\/\/cretasafaripathfinders.gr\/wp-content\/uploads\/2025\/04\/cropped-Logo-path.png\",\"width\":512,\"height\":512,\"caption\":\"Creta Safari Pathfinders\"},\"image\":{\"@id\":\"https:\/\/cretasafaripathfinders.gr\/#\/schema\/logo\/image\/\"},\"sameAs\":[\"https:\/\/www.facebook.com\/p\/Creta-Safari-Pathfinders-61577106970110\/\",\"https:\/\/www.instagram.com\/cretasafaripathfinders\"]}]}<\/script>\n<!-- \/ Yoast SEO plugin. -->","yoast_head_json":{"title":"Privacy Policy | Creta Safari Pathfinders","description":"Privacy Policy of Creta Safari Pathfinders. Learn how we handle your data, cookies, and ensure GDPR compliance.","robots":{"index":"index","follow":"follow","max-snippet":"max-snippet:-1","max-image-preview":"max-image-preview:large","max-video-preview":"max-video-preview:-1"},"canonical":"https:\/\/cretasafaripathfinders.gr\/pl\/privacy-policy\/","og_locale":"pl_PL","og_type":"article","og_title":"Privacy Policy | Creta Safari Pathfinders","og_description":"Privacy Policy of Creta Safari Pathfinders. Learn how we handle your data, cookies, and ensure GDPR compliance.","og_url":"https:\/\/cretasafaripathfinders.gr\/pl\/privacy-policy\/","og_site_name":"Creta Safari Pathfinders","article_publisher":"https:\/\/www.facebook.com\/p\/Creta-Safari-Pathfinders-61577106970110\/","article_modified_time":"2026-01-23T08:42:06+00:00","og_image":[{"width":512,"height":512,"url":"https:\/\/cretasafaripathfinders.gr\/wp-content\/uploads\/2025\/04\/cropped-Logo-path.png","type":"image\/png"}],"twitter_card":"summary_large_image","twitter_misc":{"Szacowany czas czytania":"3 minuty"},"schema":{"@context":"https:\/\/schema.org","@graph":[{"@type":"WebPage","@id":"https:\/\/cretasafaripathfinders.gr\/privacy-policy\/","url":"https:\/\/cretasafaripathfinders.gr\/privacy-policy\/","name":"Privacy Policy | Creta Safari Pathfinders","isPartOf":{"@id":"https:\/\/cretasafaripathfinders.gr\/#website"},"datePublished":"2025-04-24T12:51:06+00:00","dateModified":"2026-01-23T08:42:06+00:00","description":"Privacy Policy of Creta Safari Pathfinders. Learn how we handle your data, cookies, and ensure GDPR compliance.","breadcrumb":{"@id":"https:\/\/cretasafaripathfinders.gr\/privacy-policy\/#breadcrumb"},"inLanguage":"pl-PL","potentialAction":[{"@type":"ReadAction","target":["https:\/\/cretasafaripathfinders.gr\/privacy-policy\/"]}]},{"@type":"BreadcrumbList","@id":"https:\/\/cretasafaripathfinders.gr\/privacy-policy\/#breadcrumb","itemListElement":[{"@type":"ListItem","position":1,"name":"Home","item":"https:\/\/cretasafaripathfinders.gr\/"},{"@type":"ListItem","position":2,"name":"Privacy Policy"}]},{"@type":"WebSite","@id":"https:\/\/cretasafaripathfinders.gr\/#website","url":"https:\/\/cretasafaripathfinders.gr\/","name":"Creta Safari Pathfinders","description":"Jeep Safari Crete - Off Road Adventure Pathfinders.","publisher":{"@id":"https:\/\/cretasafaripathfinders.gr\/#organization"},"potentialAction":[{"@type":"SearchAction","target":{"@type":"EntryPoint","urlTemplate":"https:\/\/cretasafaripathfinders.gr\/?s={search_term_string}"},"query-input":{"@type":"PropertyValueSpecification","valueRequired":true,"valueName":"search_term_string"}}],"inLanguage":"pl-PL"},{"@type":"Organization","@id":"https:\/\/cretasafaripathfinders.gr\/#organization","name":"Creta Safari Pathfinders","alternateName":"Creta Safari Pathfinders","url":"https:\/\/cretasafaripathfinders.gr\/","logo":{"@type":"ImageObject","inLanguage":"pl-PL","@id":"https:\/\/cretasafaripathfinders.gr\/#\/schema\/logo\/image\/","url":"https:\/\/cretasafaripathfinders.gr\/wp-content\/uploads\/2025\/04\/cropped-Logo-path.png","contentUrl":"https:\/\/cretasafaripathfinders.gr\/wp-content\/uploads\/2025\/04\/cropped-Logo-path.png","width":512,"height":512,"caption":"Creta Safari Pathfinders"},"image":{"@id":"https:\/\/cretasafaripathfinders.gr\/#\/schema\/logo\/image\/"},"sameAs":["https:\/\/www.facebook.com\/p\/Creta-Safari-Pathfinders-61577106970110\/","https:\/\/www.instagram.com\/cretasafaripathfinders"]}]}},"_links":{"self":[{"href":"https:\/\/cretasafaripathfinders.gr\/pl\/wp-json\/wp\/v2\/pages\/3","targetHints":{"allow":["GET"]}}],"collection":[{"href":"https:\/\/cretasafaripathfinders.gr\/pl\/wp-json\/wp\/v2\/pages"}],"about":[{"href":"https:\/\/cretasafaripathfinders.gr\/pl\/wp-json\/wp\/v2\/types\/page"}],"author":[{"embeddable":true,"href":"https:\/\/cretasafaripathfinders.gr\/pl\/wp-json\/wp\/v2\/users\/1"}],"replies":[{"embeddable":true,"href":"https:\/\/cretasafaripathfinders.gr\/pl\/wp-json\/wp\/v2\/comments?post=3"}],"version-history":[{"count":4,"href":"https:\/\/cretasafaripathfinders.gr\/pl\/wp-json\/wp\/v2\/pages\/3\/revisions"}],"predecessor-version":[{"id":2092,"href":"https:\/\/cretasafaripathfinders.gr\/pl\/wp-json\/wp\/v2\/pages\/3\/revisions\/2092"}],"wp:attachment":[{"href":"https:\/\/cretasafaripathfinders.gr\/pl\/wp-json\/wp\/v2\/media?parent=3"}],"curies":[{"name":"wp","href":"https:\/\/api.w.org\/{rel}","templated":true}]}}