{"id":3,"date":"2025-04-24T12:51:06","date_gmt":"2025-04-24T12:51:06","guid":{"rendered":"https:\/\/cretasafaripathfinders.gr\/?page_id=3"},"modified":"2026-01-23T08:42:06","modified_gmt":"2026-01-23T08:42:06","slug":"privacy-policy","status":"publish","type":"page","link":"https:\/\/cretasafaripathfinders.gr\/de\/privacy-policy\/","title":{"rendered":"Privacy Policy"},"content":{"rendered":"<style>.elementor-3 .elementor-element.elementor-element-7c6831dc{--display:flex;}<\/style>\t\t<div data-elementor-type=\"wp-page\" data-elementor-id=\"3\" class=\"elementor elementor-3\" data-elementor-post-type=\"page\">\n\t\t\t\t<div class=\"elementor-element elementor-element-7c6831dc e-flex e-con-boxed e-con e-parent\" data-id=\"7c6831dc\" data-element_type=\"container\" data-e-type=\"container\">\n\t\t\t\t\t<div class=\"e-con-inner\">\n\t\t\t\t<div class=\"elementor-element elementor-element-1288a529 elementor-widget elementor-widget-text-editor\" data-id=\"1288a529\" data-element_type=\"widget\" data-e-type=\"widget\" data-widget_type=\"text-editor.default\">\n\t\t\t\t<div class=\"elementor-widget-container\">\n\t\t\t\t\t\t\t\t\t<p><\/p>\n<h2 class=\"wp-block-heading\">Who we are<\/h2>\n<p><\/p>\n<p><span style=\"font-size: 1rem;\">Our website address is: <\/span><b style=\"font-size: 1rem;\" data-path-to-node=\"5\" data-index-in-node=\"24\"><a class=\"ng-star-inserted\" href=\"https:\/\/cretasafaripathfinders.gr\/de\/\" target=\"_blank\" rel=\"noopener\">https:\/\/cretasafaripathfinders.gr<\/a><\/b><span style=\"font-size: 1rem;\">. We are <\/span><b style=\"font-size: 1rem;\" data-path-to-node=\"5\" data-index-in-node=\"66\">Creta Safari Pathfinders<\/b><span style=\"font-size: 1rem;\">, a professional tour operator based in Rethymno, Crete, specializing in premium 4&#215;4 off-road expeditions.<\/span><\/p>\n<p><span style=\"color: #000814; font-family: 'Fjalla One', sans-serif; font-size: 44.8px; font-weight: 600;\">Comments<\/span><\/p>\n<p><\/p>\n<p data-path-to-node=\"8\">When visitors leave comments on the site, we collect the data shown in the comments form, along with the visitor\u2019s IP address and browser user agent string to assist in spam detection.<\/p>\n<p data-path-to-node=\"9\">An anonymized string created from your email address (also called a hash) may be provided to the Gravatar service to see if you are using it. After approval of your comment, your profile picture is visible to the public in the context of your comment.<\/p>\n<p><\/p>\n<h2 class=\"wp-block-heading\">Media<\/h2>\n<p><\/p>\n<p data-path-to-node=\"12\">If you upload images to the website, you should avoid uploading images with embedded location data (EXIF GPS) included. Visitors to the website can download and extract any location data from images on the website.<\/p>\n<p><\/p>\n<h2 class=\"wp-block-heading\">Cookies<\/h2>\n<p><\/p>\n<p data-path-to-node=\"15\">If you leave a comment on our site, you may opt-in to saving your name, email address, and website\nin cookies. These are for your convenience so that you do not have to fill in your details again when\nyou leave another comment. These cookies will last for one year.<\/p>\n<p data-path-to-node=\"16\">If you visit our login page, we will set a temporary cookie to determine if y<span class=\"citation-375 citation-end-375\">our browser accepts cookies. This cookie contains no personal data and is discarded when you close your browser.<\/span><\/p>\n<div class=\"source-inline-chip-container ng-star-inserted\">\u00a0<\/div>\n<p data-path-to-node=\"17\"><span class=\"citation-374\">When yo<\/span><span class=\"citation-373 citation-374 citation-end-374\">u log in, we will also set up several cookies to save your login information and your screen display choices<\/span><span class=\"citation-373\">. Login cookies last for two days, and screen options cookies last for a year. If you select &#8220;Remember Me&#8221;, your login will<\/span><span class=\"citation-371 citation-372 citation-373 citation-end-373\"> pe<\/span><span class=\"citation-371 citation-372 citation-end-372\">rsist for two weeks.<\/span><\/p>\n<p><\/p>\n<h2 class=\"wp-block-heading\">Embedded content from other websites<\/h2>\n<p><\/p>\n<p data-path-to-node=\"20\"><span class=\"citation-367 citation-368 citation-end-368\">Articles on this site may include embedded content (e.g. videos, images, articles, maps, etc.). Embedded content from other websites behaves in <\/span><span class=\"citation-367 citation-end-367\">the exact same way <\/span>as if the visitor has visited the other website.<\/p>\n<div class=\"source-inline-chip-container ng-star-inserted\">\u00a0<\/div>\n<p data-path-to-node=\"21\">Te strony mog\u0105 zbiera\u0107 dane o Tobie, u\u017cywa\u0107 plik\u00f3w cookie, osadza\u0107 dodatkowe narz\u0119dzia \u015bledz\u0105ce\ni monitorowa\u0107 interakcj\u0119 z osadzonymi tre\u015bciami, w tym je\u015bli masz konto i jeste\u015b zalogowany\/a na tej\nstronie. Dotyczy to m.in. naszej platformy rezerwacyjnej<b data-path-to-node=\"21\" data-index-in-node=\"321\">Travelotopos<\/b>) and <b data-path-to-node=\"21\" data-index-in-node=\"339\">Google Maps<\/b>.<\/p>\n<p><\/p>\n<h2 class=\"wp-block-heading\">Who we share your data with<\/h2>\n<p><\/p>\n<p data-path-to-node=\"24\">If you request a password reset, your IP address will be included in the reset email. Furthermore, for the purpose of completing your booking, your details are shared with our secure booking processor to ensure your reservation is confirmed.<\/p>\n<p><\/p>\n<h2 class=\"wp-block-heading\">How long we retain your data<\/h2>\n<p><\/p>\n<p data-path-to-node=\"27\">If you leave a comment, the comment and its metadata are retained indefinitely. This is so we can recognize and approve any follow-up comments automatically.<\/p>\n<p data-path-to-node=\"28\">For users that register on our website, we also store the personal information they provide in their user profile. All users can see, edit, or delete their personal information at any time.<\/p>\n<p><\/p>\n<h2 class=\"wp-block-heading\">What rights you have over your data<\/h2>\n<p><\/p>\n<p>If you have an account on this site, or have left comments, you can request to receive an exported file of the personal data we hold about you. You can also request that we erase any personal data we hold about you. This does not include any data we are obliged to keep for administrative, legal, or security purposes.<\/p>\n<p><\/p>\n<h2 class=\"wp-block-heading\">Where your data is sent<\/h2>\n<p><\/p>\n<p data-path-to-node=\"34\">Visitor comments may be checked through an automated spam detection service.<\/p>\n<p><\/p>\t\t\t\t\t\t\t\t<\/div>\n\t\t\t\t<\/div>\n\t\t\t\t\t<\/div>\n\t\t\t\t<\/div>\n\t\t\t\t<\/div>","protected":false},"excerpt":{"rendered":"<p>Who we are Our website address is: https:\/\/cretasafaripathfinders.gr. We are Creta Safari Pathfinders, a professional tour operator based in Rethymno, Crete, specializing in premium 4&#215;4 off-road expeditions. Comments When visitors leave comments on the site, we collect the data shown in the comments form, along with the visitor\u2019s IP address and browser user agent string [&hellip;]<\/p>\n","protected":false},"author":1,"featured_media":0,"parent":0,"menu_order":0,"comment_status":"closed","ping_status":"open","template":"","meta":{"googlesitekit_rrm_CAowiPbKDA:productID":"","footnotes":""},"class_list":["post-3","page","type-page","status-publish","hentry"],"yoast_head":"<!-- This site is optimized with the Yoast SEO plugin v27.0 - https:\/\/yoast.com\/product\/yoast-seo-wordpress\/ -->\n<title>Privacy Policy | Creta Safari Pathfinders<\/title>\n<meta name=\"description\" content=\"Privacy Policy of Creta Safari Pathfinders. Learn how we handle your data, cookies, and ensure GDPR compliance.\" \/>\n<meta name=\"robots\" content=\"index, follow, max-snippet:-1, max-image-preview:large, max-video-preview:-1\" \/>\n<link rel=\"canonical\" href=\"https:\/\/cretasafaripathfinders.gr\/de\/privacy-policy\/\" \/>\n<meta property=\"og:locale\" content=\"de_DE\" \/>\n<meta property=\"og:type\" content=\"article\" \/>\n<meta property=\"og:title\" content=\"Privacy Policy | Creta Safari Pathfinders\" \/>\n<meta property=\"og:description\" content=\"Privacy Policy of Creta Safari Pathfinders. Learn how we handle your data, cookies, and ensure GDPR compliance.\" \/>\n<meta property=\"og:url\" content=\"https:\/\/cretasafaripathfinders.gr\/de\/privacy-policy\/\" \/>\n<meta property=\"og:site_name\" content=\"Creta Safari Pathfinders\" \/>\n<meta property=\"article:publisher\" content=\"https:\/\/www.facebook.com\/p\/Creta-Safari-Pathfinders-61577106970110\/\" \/>\n<meta property=\"article:modified_time\" content=\"2026-01-23T08:42:06+00:00\" \/>\n<meta property=\"og:image\" content=\"https:\/\/cretasafaripathfinders.gr\/wp-content\/uploads\/2025\/04\/cropped-Logo-path.png\" \/>\n\t<meta property=\"og:image:width\" content=\"512\" \/>\n\t<meta property=\"og:image:height\" content=\"512\" \/>\n\t<meta property=\"og:image:type\" content=\"image\/png\" \/>\n<meta name=\"twitter:card\" content=\"summary_large_image\" \/>\n<meta name=\"twitter:label1\" content=\"Gesch\u00e4tzte Lesezeit\" \/>\n\t<meta name=\"twitter:data1\" content=\"3\u00a0Minuten\" \/>\n<script type=\"application\/ld+json\" class=\"yoast-schema-graph\">{\"@context\":\"https:\/\/schema.org\",\"@graph\":[{\"@type\":\"WebPage\",\"@id\":\"https:\/\/cretasafaripathfinders.gr\/privacy-policy\/\",\"url\":\"https:\/\/cretasafaripathfinders.gr\/privacy-policy\/\",\"name\":\"Privacy Policy | Creta Safari Pathfinders\",\"isPartOf\":{\"@id\":\"https:\/\/cretasafaripathfinders.gr\/#website\"},\"datePublished\":\"2025-04-24T12:51:06+00:00\",\"dateModified\":\"2026-01-23T08:42:06+00:00\",\"description\":\"Privacy Policy of Creta Safari Pathfinders. Learn how we handle your data, cookies, and ensure GDPR compliance.\",\"breadcrumb\":{\"@id\":\"https:\/\/cretasafaripathfinders.gr\/privacy-policy\/#breadcrumb\"},\"inLanguage\":\"de\",\"potentialAction\":[{\"@type\":\"ReadAction\",\"target\":[\"https:\/\/cretasafaripathfinders.gr\/privacy-policy\/\"]}]},{\"@type\":\"BreadcrumbList\",\"@id\":\"https:\/\/cretasafaripathfinders.gr\/privacy-policy\/#breadcrumb\",\"itemListElement\":[{\"@type\":\"ListItem\",\"position\":1,\"name\":\"Home\",\"item\":\"https:\/\/cretasafaripathfinders.gr\/\"},{\"@type\":\"ListItem\",\"position\":2,\"name\":\"Privacy Policy\"}]},{\"@type\":\"WebSite\",\"@id\":\"https:\/\/cretasafaripathfinders.gr\/#website\",\"url\":\"https:\/\/cretasafaripathfinders.gr\/\",\"name\":\"Creta Safari Pathfinders\",\"description\":\"Jeep Safari Crete - Off Road Adventure Pathfinders.\",\"publisher\":{\"@id\":\"https:\/\/cretasafaripathfinders.gr\/#organization\"},\"potentialAction\":[{\"@type\":\"SearchAction\",\"target\":{\"@type\":\"EntryPoint\",\"urlTemplate\":\"https:\/\/cretasafaripathfinders.gr\/?s={search_term_string}\"},\"query-input\":{\"@type\":\"PropertyValueSpecification\",\"valueRequired\":true,\"valueName\":\"search_term_string\"}}],\"inLanguage\":\"de\"},{\"@type\":\"Organization\",\"@id\":\"https:\/\/cretasafaripathfinders.gr\/#organization\",\"name\":\"Creta Safari Pathfinders\",\"alternateName\":\"Creta Safari Pathfinders\",\"url\":\"https:\/\/cretasafaripathfinders.gr\/\",\"logo\":{\"@type\":\"ImageObject\",\"inLanguage\":\"de\",\"@id\":\"https:\/\/cretasafaripathfinders.gr\/#\/schema\/logo\/image\/\",\"url\":\"https:\/\/cretasafaripathfinders.gr\/wp-content\/uploads\/2025\/04\/cropped-Logo-path.png\",\"contentUrl\":\"https:\/\/cretasafaripathfinders.gr\/wp-content\/uploads\/2025\/04\/cropped-Logo-path.png\",\"width\":512,\"height\":512,\"caption\":\"Creta Safari Pathfinders\"},\"image\":{\"@id\":\"https:\/\/cretasafaripathfinders.gr\/#\/schema\/logo\/image\/\"},\"sameAs\":[\"https:\/\/www.facebook.com\/p\/Creta-Safari-Pathfinders-61577106970110\/\",\"https:\/\/www.instagram.com\/cretasafaripathfinders\"]}]}<\/script>\n<!-- \/ Yoast SEO plugin. -->","yoast_head_json":{"title":"Privacy Policy | Creta Safari Pathfinders","description":"Privacy Policy of Creta Safari Pathfinders. Learn how we handle your data, cookies, and ensure GDPR compliance.","robots":{"index":"index","follow":"follow","max-snippet":"max-snippet:-1","max-image-preview":"max-image-preview:large","max-video-preview":"max-video-preview:-1"},"canonical":"https:\/\/cretasafaripathfinders.gr\/de\/privacy-policy\/","og_locale":"de_DE","og_type":"article","og_title":"Privacy Policy | Creta Safari Pathfinders","og_description":"Privacy Policy of Creta Safari Pathfinders. Learn how we handle your data, cookies, and ensure GDPR compliance.","og_url":"https:\/\/cretasafaripathfinders.gr\/de\/privacy-policy\/","og_site_name":"Creta Safari Pathfinders","article_publisher":"https:\/\/www.facebook.com\/p\/Creta-Safari-Pathfinders-61577106970110\/","article_modified_time":"2026-01-23T08:42:06+00:00","og_image":[{"width":512,"height":512,"url":"https:\/\/cretasafaripathfinders.gr\/wp-content\/uploads\/2025\/04\/cropped-Logo-path.png","type":"image\/png"}],"twitter_card":"summary_large_image","twitter_misc":{"Gesch\u00e4tzte Lesezeit":"3\u00a0Minuten"},"schema":{"@context":"https:\/\/schema.org","@graph":[{"@type":"WebPage","@id":"https:\/\/cretasafaripathfinders.gr\/privacy-policy\/","url":"https:\/\/cretasafaripathfinders.gr\/privacy-policy\/","name":"Privacy Policy | Creta Safari Pathfinders","isPartOf":{"@id":"https:\/\/cretasafaripathfinders.gr\/#website"},"datePublished":"2025-04-24T12:51:06+00:00","dateModified":"2026-01-23T08:42:06+00:00","description":"Privacy Policy of Creta Safari Pathfinders. Learn how we handle your data, cookies, and ensure GDPR compliance.","breadcrumb":{"@id":"https:\/\/cretasafaripathfinders.gr\/privacy-policy\/#breadcrumb"},"inLanguage":"de","potentialAction":[{"@type":"ReadAction","target":["https:\/\/cretasafaripathfinders.gr\/privacy-policy\/"]}]},{"@type":"BreadcrumbList","@id":"https:\/\/cretasafaripathfinders.gr\/privacy-policy\/#breadcrumb","itemListElement":[{"@type":"ListItem","position":1,"name":"Home","item":"https:\/\/cretasafaripathfinders.gr\/"},{"@type":"ListItem","position":2,"name":"Privacy Policy"}]},{"@type":"WebSite","@id":"https:\/\/cretasafaripathfinders.gr\/#website","url":"https:\/\/cretasafaripathfinders.gr\/","name":"Creta Safari Pathfinders","description":"Jeep Safari Crete - Off Road Adventure Pathfinders.","publisher":{"@id":"https:\/\/cretasafaripathfinders.gr\/#organization"},"potentialAction":[{"@type":"SearchAction","target":{"@type":"EntryPoint","urlTemplate":"https:\/\/cretasafaripathfinders.gr\/?s={search_term_string}"},"query-input":{"@type":"PropertyValueSpecification","valueRequired":true,"valueName":"search_term_string"}}],"inLanguage":"de"},{"@type":"Organization","@id":"https:\/\/cretasafaripathfinders.gr\/#organization","name":"Creta Safari Pathfinders","alternateName":"Creta Safari Pathfinders","url":"https:\/\/cretasafaripathfinders.gr\/","logo":{"@type":"ImageObject","inLanguage":"de","@id":"https:\/\/cretasafaripathfinders.gr\/#\/schema\/logo\/image\/","url":"https:\/\/cretasafaripathfinders.gr\/wp-content\/uploads\/2025\/04\/cropped-Logo-path.png","contentUrl":"https:\/\/cretasafaripathfinders.gr\/wp-content\/uploads\/2025\/04\/cropped-Logo-path.png","width":512,"height":512,"caption":"Creta Safari Pathfinders"},"image":{"@id":"https:\/\/cretasafaripathfinders.gr\/#\/schema\/logo\/image\/"},"sameAs":["https:\/\/www.facebook.com\/p\/Creta-Safari-Pathfinders-61577106970110\/","https:\/\/www.instagram.com\/cretasafaripathfinders"]}]}},"_links":{"self":[{"href":"https:\/\/cretasafaripathfinders.gr\/de\/wp-json\/wp\/v2\/pages\/3","targetHints":{"allow":["GET"]}}],"collection":[{"href":"https:\/\/cretasafaripathfinders.gr\/de\/wp-json\/wp\/v2\/pages"}],"about":[{"href":"https:\/\/cretasafaripathfinders.gr\/de\/wp-json\/wp\/v2\/types\/page"}],"author":[{"embeddable":true,"href":"https:\/\/cretasafaripathfinders.gr\/de\/wp-json\/wp\/v2\/users\/1"}],"replies":[{"embeddable":true,"href":"https:\/\/cretasafaripathfinders.gr\/de\/wp-json\/wp\/v2\/comments?post=3"}],"version-history":[{"count":4,"href":"https:\/\/cretasafaripathfinders.gr\/de\/wp-json\/wp\/v2\/pages\/3\/revisions"}],"predecessor-version":[{"id":2092,"href":"https:\/\/cretasafaripathfinders.gr\/de\/wp-json\/wp\/v2\/pages\/3\/revisions\/2092"}],"wp:attachment":[{"href":"https:\/\/cretasafaripathfinders.gr\/de\/wp-json\/wp\/v2\/media?parent=3"}],"curies":[{"name":"wp","href":"https:\/\/api.w.org\/{rel}","templated":true}]}}